{"id":31460,"date":"2020-06-16T08:59:02","date_gmt":"2020-06-16T06:59:02","guid":{"rendered":"https:\/\/taosphoto.fr\/produit\/velin-darches-blanc-250grs\/"},"modified":"2023-04-17T12:48:33","modified_gmt":"2023-04-17T10:48:33","slug":"velin-darches-blanc-250grs","status":"publish","type":"product","link":"https:\/\/taosphoto.fr\/en\/product\/velin-darches-blanc-250grs\/","title":{"rendered":"Velin d&#8217;Arches\u00ae Blanc 250grs"},"content":{"rendered":"<div class=\"mp-row-fluid motopress-row mpce-dsbl-margin-left mpce-dsbl-margin-right\">\n<div class=\"motopress-clmn mp-span12 mpce-dsbl-margin-left mpce-dsbl-margin-right\">\n<div class=\"motopress-text-obj\">\n<p>100% coton et fabriqu\u00e9 sur forme ronde, il est id\u00e9al pour l\u2019\u00e9dition d\u2019art, l\u2019estampe\u2026 le dessin.<\/p>\n<div class=\"mp-row-fluid motopress-row mpce-dsbl-margin-left mpce-dsbl-margin-right\">\n<div class=\"motopress-clmn mp-span12 mpce-dsbl-margin-left mpce-dsbl-margin-right\">\n<div class=\"motopress-text-obj\">\n<ul>\n<li><strong>Composition<\/strong>\u00a0: 100 % coton \u2013 Fabriqu\u00e9 sur forme ronde<\/li>\n<li><strong>Grammages :<\/strong> 119, 160, 200, 250, 270, 300 et 400 g\/m\u00b2<\/li>\n<li><strong>Texture :<\/strong> grain fin prononc\u00e9<\/li>\n<li><strong>Couleurs :<\/strong> blanc naturel, cr\u00e8me et noir<\/li>\n<li><strong>Bords (feuille)\u00a0:<\/strong> 4 bords frang\u00e9s<\/li>\n<li><strong>Filigrane (feuille)\u00a0:<\/strong> \u00ab\u00a0Arches<sup>\u00ae<\/sup> France \u221e\u00a0\u00bb<\/li>\n<li><strong>Formats :<\/strong> feuille, rouleau et bobine<\/li>\n<li><strong>Conservation :<\/strong> avec r\u00e9serve alcaline, sans acide ni azurants optiques (permanent conform\u00e9ment \u00e0 la norme ISO 9706)<\/li>\n<li><strong>Utilisation :<\/strong> lithographie, taille-douce, typographie, s\u00e9rigraphie, gaufrage, dorure, linogravure, gravure, phototypie\u2026 dessin<\/li>\n<\/ul>\n<p>Photo: Hubert Chotard\u00a9, tirage Piezography Pro sur papier Arches\u00ae<\/p>\n<p>&nbsp;<\/p>\n<\/div>\n<\/div>\n<\/div>\n<\/div>\n<\/div>\n<\/div>\n","protected":false},"excerpt":{"rendered":"<p>Velin d&#8217;Arches\u00ae Blanc 250grs 56x76cm en 10 feuilles, de teinte l\u00e9g\u00e8rement chaude.<\/p>\n<p>&nbsp;<\/p>\n<p>Osez le tirage jet d&#8217;encre sur papier Arches\u00ae !<\/p>\n<p>Courbes Piezography sur mesure ici: <a href=\"https:\/\/taosphoto.fr\/produit\/courbes-piezography-sur-mesure\/\" target=\"_blank\" rel=\"noopener noreferrer\">Clic<\/a><\/p>\n<p>&nbsp;<\/p>\n","protected":false},"featured_media":28715,"comment_status":"closed","ping_status":"closed","template":"","meta":{"_acf_changed":false,"_mi_skip_tracking":false,"_exactmetrics_sitenote_active":false,"_exactmetrics_sitenote_note":"","_exactmetrics_sitenote_category":0},"product_cat":[2215],"product_tag":[2292,2293,2294,2295,2296,1403,2297],"acf":[],"yoast_head":"<!-- This site is optimized with the Yoast SEO plugin v21.6 - https:\/\/yoast.com\/wordpress\/plugins\/seo\/ -->\n<title>Velin d&#039;Arches\u00ae Blanc 250grs &#8211; Taos Photo<\/title>\n<meta name=\"robots\" content=\"index, follow, max-snippet:-1, max-image-preview:large, max-video-preview:-1\" \/>\n<link rel=\"canonical\" href=\"https:\/\/taosphoto.fr\/en\/product\/velin-darches-blanc-250grs\/\" \/>\n<meta property=\"og:locale\" content=\"en_US\" \/>\n<meta property=\"og:type\" content=\"article\" \/>\n<meta property=\"og:title\" content=\"Velin d&#039;Arches\u00ae Blanc 250grs &#8211; Taos Photo\" \/>\n<meta property=\"og:description\" content=\"Velin d&#039;Arches\u00ae Blanc 250grs 56x76cm en 10 feuilles, de teinte l\u00e9g\u00e8rement chaude.  &nbsp;  Osez le tirage jet d&#039;encre sur papier Arches\u00ae !  Courbes Piezography sur mesure ici: Clic  &nbsp;\" \/>\n<meta property=\"og:url\" content=\"https:\/\/taosphoto.fr\/en\/product\/velin-darches-blanc-250grs\/\" \/>\n<meta property=\"og:site_name\" content=\"Taos Photo\" \/>\n<meta property=\"article:publisher\" content=\"https:\/\/www.facebook.com\/TaosPhotographic\/\" \/>\n<meta property=\"article:modified_time\" content=\"2023-04-17T10:48:33+00:00\" \/>\n<meta property=\"og:image\" content=\"https:\/\/taosphoto.fr\/wp-content\/uploads\/2020\/06\/velin-arches-a.jpg\" \/>\n\t<meta property=\"og:image:width\" content=\"2560\" \/>\n\t<meta property=\"og:image:height\" content=\"2560\" \/>\n\t<meta property=\"og:image:type\" content=\"image\/jpeg\" \/>\n<meta name=\"twitter:card\" content=\"summary_large_image\" \/>\n<script type=\"application\/ld+json\" class=\"yoast-schema-graph\">{\"@context\":\"https:\/\/schema.org\",\"@graph\":[{\"@type\":\"WebPage\",\"@id\":\"https:\/\/taosphoto.fr\/en\/product\/velin-darches-blanc-250grs\/\",\"url\":\"https:\/\/taosphoto.fr\/en\/product\/velin-darches-blanc-250grs\/\",\"name\":\"Velin d'Arches\u00ae Blanc 250grs &#8211; Taos Photo\",\"isPartOf\":{\"@id\":\"https:\/\/taosphoto.fr\/en\/#website\"},\"datePublished\":\"2020-06-16T06:59:02+00:00\",\"dateModified\":\"2023-04-17T10:48:33+00:00\",\"breadcrumb\":{\"@id\":\"https:\/\/taosphoto.fr\/en\/product\/velin-darches-blanc-250grs\/#breadcrumb\"},\"inLanguage\":\"en-US\",\"potentialAction\":[{\"@type\":\"ReadAction\",\"target\":[\"https:\/\/taosphoto.fr\/en\/product\/velin-darches-blanc-250grs\/\"]}]},{\"@type\":\"BreadcrumbList\",\"@id\":\"https:\/\/taosphoto.fr\/en\/product\/velin-darches-blanc-250grs\/#breadcrumb\",\"itemListElement\":[{\"@type\":\"ListItem\",\"position\":1,\"name\":\"Accueil\",\"item\":\"https:\/\/taosphoto.fr\/en\/home-2\/\"},{\"@type\":\"ListItem\",\"position\":2,\"name\":\"Shop\",\"item\":\"https:\/\/taosphoto.fr\/en\/store\/\"},{\"@type\":\"ListItem\",\"position\":3,\"name\":\"Velin d&#8217;Arches\u00ae Blanc 250grs\"}]},{\"@type\":\"WebSite\",\"@id\":\"https:\/\/taosphoto.fr\/en\/#website\",\"url\":\"https:\/\/taosphoto.fr\/en\/\",\"name\":\"Taos Photo\",\"description\":\"Expert en Piezography\",\"publisher\":{\"@id\":\"https:\/\/taosphoto.fr\/en\/#organization\"},\"potentialAction\":[{\"@type\":\"SearchAction\",\"target\":{\"@type\":\"EntryPoint\",\"urlTemplate\":\"https:\/\/taosphoto.fr\/en\/?s={search_term_string}\"},\"query-input\":\"required name=search_term_string\"}],\"inLanguage\":\"en-US\"},{\"@type\":\"Organization\",\"@id\":\"https:\/\/taosphoto.fr\/en\/#organization\",\"name\":\"Taos Photo\",\"url\":\"https:\/\/taosphoto.fr\/en\/\",\"logo\":{\"@type\":\"ImageObject\",\"inLanguage\":\"en-US\",\"@id\":\"https:\/\/taosphoto.fr\/en\/#\/schema\/logo\/image\/\",\"url\":\"https:\/\/taosphoto.fr\/wp-content\/uploads\/2014\/12\/logo-taosphoto.png\",\"contentUrl\":\"https:\/\/taosphoto.fr\/wp-content\/uploads\/2014\/12\/logo-taosphoto.png\",\"width\":1000,\"height\":1000,\"caption\":\"Taos Photo\"},\"image\":{\"@id\":\"https:\/\/taosphoto.fr\/en\/#\/schema\/logo\/image\/\"},\"sameAs\":[\"https:\/\/www.facebook.com\/TaosPhotographic\/\"]}]}<\/script>\n<!-- \/ Yoast SEO plugin. -->","yoast_head_json":{"title":"Velin d'Arches\u00ae Blanc 250grs &#8211; Taos Photo","robots":{"index":"index","follow":"follow","max-snippet":"max-snippet:-1","max-image-preview":"max-image-preview:large","max-video-preview":"max-video-preview:-1"},"canonical":"https:\/\/taosphoto.fr\/en\/product\/velin-darches-blanc-250grs\/","og_locale":"en_US","og_type":"article","og_title":"Velin d'Arches\u00ae Blanc 250grs &#8211; Taos Photo","og_description":"Velin d'Arches\u00ae Blanc 250grs 56x76cm en 10 feuilles, de teinte l\u00e9g\u00e8rement chaude.  &nbsp;  Osez le tirage jet d'encre sur papier Arches\u00ae !  Courbes Piezography sur mesure ici: Clic  &nbsp;","og_url":"https:\/\/taosphoto.fr\/en\/product\/velin-darches-blanc-250grs\/","og_site_name":"Taos Photo","article_publisher":"https:\/\/www.facebook.com\/TaosPhotographic\/","article_modified_time":"2023-04-17T10:48:33+00:00","og_image":[{"width":2560,"height":2560,"url":"https:\/\/taosphoto.fr\/wp-content\/uploads\/2020\/06\/velin-arches-a.jpg","type":"image\/jpeg"}],"twitter_card":"summary_large_image","schema":{"@context":"https:\/\/schema.org","@graph":[{"@type":"WebPage","@id":"https:\/\/taosphoto.fr\/en\/product\/velin-darches-blanc-250grs\/","url":"https:\/\/taosphoto.fr\/en\/product\/velin-darches-blanc-250grs\/","name":"Velin d'Arches\u00ae Blanc 250grs &#8211; Taos Photo","isPartOf":{"@id":"https:\/\/taosphoto.fr\/en\/#website"},"datePublished":"2020-06-16T06:59:02+00:00","dateModified":"2023-04-17T10:48:33+00:00","breadcrumb":{"@id":"https:\/\/taosphoto.fr\/en\/product\/velin-darches-blanc-250grs\/#breadcrumb"},"inLanguage":"en-US","potentialAction":[{"@type":"ReadAction","target":["https:\/\/taosphoto.fr\/en\/product\/velin-darches-blanc-250grs\/"]}]},{"@type":"BreadcrumbList","@id":"https:\/\/taosphoto.fr\/en\/product\/velin-darches-blanc-250grs\/#breadcrumb","itemListElement":[{"@type":"ListItem","position":1,"name":"Accueil","item":"https:\/\/taosphoto.fr\/en\/home-2\/"},{"@type":"ListItem","position":2,"name":"Shop","item":"https:\/\/taosphoto.fr\/en\/store\/"},{"@type":"ListItem","position":3,"name":"Velin d&#8217;Arches\u00ae Blanc 250grs"}]},{"@type":"WebSite","@id":"https:\/\/taosphoto.fr\/en\/#website","url":"https:\/\/taosphoto.fr\/en\/","name":"Taos Photo","description":"Expert en Piezography","publisher":{"@id":"https:\/\/taosphoto.fr\/en\/#organization"},"potentialAction":[{"@type":"SearchAction","target":{"@type":"EntryPoint","urlTemplate":"https:\/\/taosphoto.fr\/en\/?s={search_term_string}"},"query-input":"required name=search_term_string"}],"inLanguage":"en-US"},{"@type":"Organization","@id":"https:\/\/taosphoto.fr\/en\/#organization","name":"Taos Photo","url":"https:\/\/taosphoto.fr\/en\/","logo":{"@type":"ImageObject","inLanguage":"en-US","@id":"https:\/\/taosphoto.fr\/en\/#\/schema\/logo\/image\/","url":"https:\/\/taosphoto.fr\/wp-content\/uploads\/2014\/12\/logo-taosphoto.png","contentUrl":"https:\/\/taosphoto.fr\/wp-content\/uploads\/2014\/12\/logo-taosphoto.png","width":1000,"height":1000,"caption":"Taos Photo"},"image":{"@id":"https:\/\/taosphoto.fr\/en\/#\/schema\/logo\/image\/"},"sameAs":["https:\/\/www.facebook.com\/TaosPhotographic\/"]}]}},"_links":{"self":[{"href":"https:\/\/taosphoto.fr\/en\/wp-json\/wp\/v2\/product\/31460"}],"collection":[{"href":"https:\/\/taosphoto.fr\/en\/wp-json\/wp\/v2\/product"}],"about":[{"href":"https:\/\/taosphoto.fr\/en\/wp-json\/wp\/v2\/types\/product"}],"replies":[{"embeddable":true,"href":"https:\/\/taosphoto.fr\/en\/wp-json\/wp\/v2\/comments?post=31460"}],"wp:featuredmedia":[{"embeddable":true,"href":"https:\/\/taosphoto.fr\/en\/wp-json\/wp\/v2\/media\/28715"}],"wp:attachment":[{"href":"https:\/\/taosphoto.fr\/en\/wp-json\/wp\/v2\/media?parent=31460"}],"wp:term":[{"taxonomy":"product_cat","embeddable":true,"href":"https:\/\/taosphoto.fr\/en\/wp-json\/wp\/v2\/product_cat?post=31460"},{"taxonomy":"product_tag","embeddable":true,"href":"https:\/\/taosphoto.fr\/en\/wp-json\/wp\/v2\/product_tag?post=31460"}],"curies":[{"name":"wp","href":"https:\/\/api.w.org\/{rel}","templated":true}]}}