{"id":21746,"date":"2012-05-18T17:37:44","date_gmt":"2012-05-18T17:37:44","guid":{"rendered":"https:\/\/taosphoto.fr\/produit\/hr-digaron-s-56-23mm\/"},"modified":"2018-02-09T17:52:47","modified_gmt":"2018-02-09T16:52:47","slug":"hr-digaron-s-56-23mm","status":"publish","type":"product","link":"https:\/\/taosphoto.fr\/en\/product\/hr-digaron-s-56-23mm\/","title":{"rendered":"HR Digaron S 5,6 \/ 23mm"},"content":{"rendered":"<p>Le nouveau HR Digaron S 23mm est le premier objectif digital grand angulaire avec un cercle d&#8217;image de 70mm et un tirage optique de 45mm qui permet de l&#8217;utiliser sur tous types d&#8217;appareils num\u00e9riques ainsi que sur les chambres techniques. La focale de 23mm pour un capteur de 37x49mm correspond \u00e0 un 16mm en 24&#215;36. La conception retro-focus de cet objectif permet de r\u00e9duire le vignetage d&#8217;\u00e9clairement dans les bords du capteur. Le traitement multicouches des lentilles procure une excellente transmission du contraste sans aucun effet d&#8217;images fant\u00f4mes.<\/p>\n<p>Construction optique: retro focus<br \/>\nCercle d&#8217;image \u00e0 l&#8217;infini et \u00e0 f:8: 70 mm ( couvre le capteur 37x49mm)<br \/>\nTirage m\u00e9canique \u00e0 l&#8217;infini: 45mm<br \/>\nDiam\u00e8tre des filtres: 72 mm<br \/>\nFiltre concentrique recommand\u00e9:<br \/>\nPoids: 750 g<br \/>\nObturateur n\u00b00<\/p>\n","protected":false},"excerpt":{"rendered":"<p><strong>Prix sur demande<\/strong><\/p>\n<p>Le nouveau HR Digaron S 23mm est le premier objectif digital grand angulaire avec un cercle d&#8217;image de 70mm et un tirage optique de 45mm qui permet de l&#8217;utiliser sur tous types d&#8217;appareils num\u00e9riques ainsi que sur les chambres techniques. La focale de 23mm pour un capteur de 37x49mm correspond \u00e0 un 16mm en 24&#215;36. La conception retro-focus de cet objectif permet de r\u00e9duire le vignetage d&#8217;\u00e9clairement dans les bords du capteur. Le traitement multicouches des lentilles procure une excellente transmission du contraste sans aucun effet d&#8217;images fant\u00f4mes.<\/p>\n","protected":false},"featured_media":18846,"comment_status":"closed","ping_status":"closed","template":"","meta":{"_acf_changed":false,"_mi_skip_tracking":false,"_exactmetrics_sitenote_active":false,"_exactmetrics_sitenote_note":"","_exactmetrics_sitenote_category":0},"product_cat":[],"product_tag":[1463,1464,1437,1438,1465],"acf":[],"yoast_head":"<!-- This site is optimized with the Yoast SEO plugin v21.6 - https:\/\/yoast.com\/wordpress\/plugins\/seo\/ -->\n<title>HR Digaron S 5,6 \/ 23mm &#8211; Taos Photo<\/title>\n<meta name=\"robots\" content=\"index, follow, max-snippet:-1, max-image-preview:large, max-video-preview:-1\" \/>\n<link rel=\"canonical\" href=\"https:\/\/taosphoto.fr\/en\/product\/hr-digaron-s-56-23mm\/\" \/>\n<meta property=\"og:locale\" content=\"en_US\" \/>\n<meta property=\"og:type\" content=\"article\" \/>\n<meta property=\"og:title\" content=\"HR Digaron S 5,6 \/ 23mm &#8211; Taos Photo\" \/>\n<meta property=\"og:description\" content=\"Prix sur demande  Le nouveau HR Digaron S 23mm est le premier objectif digital grand angulaire avec un cercle d&#039;image de 70mm et un tirage optique de 45mm qui permet de l&#039;utiliser sur tous types d&#039;appareils num\u00e9riques ainsi que sur les chambres techniques. La focale de 23mm pour un capteur de 37x49mm correspond \u00e0 un 16mm en 24x36. La conception retro-focus de cet objectif permet de r\u00e9duire le vignetage d&#039;\u00e9clairement dans les bords du capteur. Le traitement multicouches des lentilles procure une excellente transmission du contraste sans aucun effet d&#039;images fant\u00f4mes.\" \/>\n<meta property=\"og:url\" content=\"https:\/\/taosphoto.fr\/en\/product\/hr-digaron-s-56-23mm\/\" \/>\n<meta property=\"og:site_name\" content=\"Taos Photo\" \/>\n<meta property=\"article:publisher\" content=\"https:\/\/www.facebook.com\/TaosPhotographic\/\" \/>\n<meta property=\"article:modified_time\" content=\"2018-02-09T16:52:47+00:00\" \/>\n<meta property=\"og:image\" content=\"https:\/\/taosphoto.fr\/wp-content\/uploads\/2012\/05\/HR-Digaron-S-23.jpeg\" \/>\n\t<meta property=\"og:image:width\" content=\"1024\" \/>\n\t<meta property=\"og:image:height\" content=\"1024\" \/>\n\t<meta property=\"og:image:type\" content=\"image\/jpeg\" \/>\n<meta name=\"twitter:card\" content=\"summary_large_image\" \/>\n<meta name=\"twitter:label1\" content=\"Est. reading time\" \/>\n\t<meta name=\"twitter:data1\" content=\"1 minute\" \/>\n<script type=\"application\/ld+json\" class=\"yoast-schema-graph\">{\"@context\":\"https:\/\/schema.org\",\"@graph\":[{\"@type\":\"WebPage\",\"@id\":\"https:\/\/taosphoto.fr\/en\/product\/hr-digaron-s-56-23mm\/\",\"url\":\"https:\/\/taosphoto.fr\/en\/product\/hr-digaron-s-56-23mm\/\",\"name\":\"HR Digaron S 5,6 \/ 23mm &#8211; Taos Photo\",\"isPartOf\":{\"@id\":\"https:\/\/taosphoto.fr\/en\/#website\"},\"datePublished\":\"2012-05-18T17:37:44+00:00\",\"dateModified\":\"2018-02-09T16:52:47+00:00\",\"breadcrumb\":{\"@id\":\"https:\/\/taosphoto.fr\/en\/product\/hr-digaron-s-56-23mm\/#breadcrumb\"},\"inLanguage\":\"en-US\",\"potentialAction\":[{\"@type\":\"ReadAction\",\"target\":[\"https:\/\/taosphoto.fr\/en\/product\/hr-digaron-s-56-23mm\/\"]}]},{\"@type\":\"BreadcrumbList\",\"@id\":\"https:\/\/taosphoto.fr\/en\/product\/hr-digaron-s-56-23mm\/#breadcrumb\",\"itemListElement\":[{\"@type\":\"ListItem\",\"position\":1,\"name\":\"Accueil\",\"item\":\"https:\/\/taosphoto.fr\/en\/home-2\/\"},{\"@type\":\"ListItem\",\"position\":2,\"name\":\"Shop\",\"item\":\"https:\/\/taosphoto.fr\/en\/store\/\"},{\"@type\":\"ListItem\",\"position\":3,\"name\":\"HR Digaron S 5,6 \/ 23mm\"}]},{\"@type\":\"WebSite\",\"@id\":\"https:\/\/taosphoto.fr\/en\/#website\",\"url\":\"https:\/\/taosphoto.fr\/en\/\",\"name\":\"Taos Photo\",\"description\":\"Expert en Piezography\",\"publisher\":{\"@id\":\"https:\/\/taosphoto.fr\/en\/#organization\"},\"potentialAction\":[{\"@type\":\"SearchAction\",\"target\":{\"@type\":\"EntryPoint\",\"urlTemplate\":\"https:\/\/taosphoto.fr\/en\/?s={search_term_string}\"},\"query-input\":\"required name=search_term_string\"}],\"inLanguage\":\"en-US\"},{\"@type\":\"Organization\",\"@id\":\"https:\/\/taosphoto.fr\/en\/#organization\",\"name\":\"Taos Photo\",\"url\":\"https:\/\/taosphoto.fr\/en\/\",\"logo\":{\"@type\":\"ImageObject\",\"inLanguage\":\"en-US\",\"@id\":\"https:\/\/taosphoto.fr\/en\/#\/schema\/logo\/image\/\",\"url\":\"https:\/\/taosphoto.fr\/wp-content\/uploads\/2014\/12\/logo-taosphoto.png\",\"contentUrl\":\"https:\/\/taosphoto.fr\/wp-content\/uploads\/2014\/12\/logo-taosphoto.png\",\"width\":1000,\"height\":1000,\"caption\":\"Taos Photo\"},\"image\":{\"@id\":\"https:\/\/taosphoto.fr\/en\/#\/schema\/logo\/image\/\"},\"sameAs\":[\"https:\/\/www.facebook.com\/TaosPhotographic\/\"]}]}<\/script>\n<!-- \/ Yoast SEO plugin. -->","yoast_head_json":{"title":"HR Digaron S 5,6 \/ 23mm &#8211; Taos Photo","robots":{"index":"index","follow":"follow","max-snippet":"max-snippet:-1","max-image-preview":"max-image-preview:large","max-video-preview":"max-video-preview:-1"},"canonical":"https:\/\/taosphoto.fr\/en\/product\/hr-digaron-s-56-23mm\/","og_locale":"en_US","og_type":"article","og_title":"HR Digaron S 5,6 \/ 23mm &#8211; Taos Photo","og_description":"Prix sur demande  Le nouveau HR Digaron S 23mm est le premier objectif digital grand angulaire avec un cercle d'image de 70mm et un tirage optique de 45mm qui permet de l'utiliser sur tous types d'appareils num\u00e9riques ainsi que sur les chambres techniques. La focale de 23mm pour un capteur de 37x49mm correspond \u00e0 un 16mm en 24x36. La conception retro-focus de cet objectif permet de r\u00e9duire le vignetage d'\u00e9clairement dans les bords du capteur. Le traitement multicouches des lentilles procure une excellente transmission du contraste sans aucun effet d'images fant\u00f4mes.","og_url":"https:\/\/taosphoto.fr\/en\/product\/hr-digaron-s-56-23mm\/","og_site_name":"Taos Photo","article_publisher":"https:\/\/www.facebook.com\/TaosPhotographic\/","article_modified_time":"2018-02-09T16:52:47+00:00","og_image":[{"width":1024,"height":1024,"url":"https:\/\/taosphoto.fr\/wp-content\/uploads\/2012\/05\/HR-Digaron-S-23.jpeg","type":"image\/jpeg"}],"twitter_card":"summary_large_image","twitter_misc":{"Est. reading time":"1 minute"},"schema":{"@context":"https:\/\/schema.org","@graph":[{"@type":"WebPage","@id":"https:\/\/taosphoto.fr\/en\/product\/hr-digaron-s-56-23mm\/","url":"https:\/\/taosphoto.fr\/en\/product\/hr-digaron-s-56-23mm\/","name":"HR Digaron S 5,6 \/ 23mm &#8211; Taos Photo","isPartOf":{"@id":"https:\/\/taosphoto.fr\/en\/#website"},"datePublished":"2012-05-18T17:37:44+00:00","dateModified":"2018-02-09T16:52:47+00:00","breadcrumb":{"@id":"https:\/\/taosphoto.fr\/en\/product\/hr-digaron-s-56-23mm\/#breadcrumb"},"inLanguage":"en-US","potentialAction":[{"@type":"ReadAction","target":["https:\/\/taosphoto.fr\/en\/product\/hr-digaron-s-56-23mm\/"]}]},{"@type":"BreadcrumbList","@id":"https:\/\/taosphoto.fr\/en\/product\/hr-digaron-s-56-23mm\/#breadcrumb","itemListElement":[{"@type":"ListItem","position":1,"name":"Accueil","item":"https:\/\/taosphoto.fr\/en\/home-2\/"},{"@type":"ListItem","position":2,"name":"Shop","item":"https:\/\/taosphoto.fr\/en\/store\/"},{"@type":"ListItem","position":3,"name":"HR Digaron S 5,6 \/ 23mm"}]},{"@type":"WebSite","@id":"https:\/\/taosphoto.fr\/en\/#website","url":"https:\/\/taosphoto.fr\/en\/","name":"Taos Photo","description":"Expert en Piezography","publisher":{"@id":"https:\/\/taosphoto.fr\/en\/#organization"},"potentialAction":[{"@type":"SearchAction","target":{"@type":"EntryPoint","urlTemplate":"https:\/\/taosphoto.fr\/en\/?s={search_term_string}"},"query-input":"required name=search_term_string"}],"inLanguage":"en-US"},{"@type":"Organization","@id":"https:\/\/taosphoto.fr\/en\/#organization","name":"Taos Photo","url":"https:\/\/taosphoto.fr\/en\/","logo":{"@type":"ImageObject","inLanguage":"en-US","@id":"https:\/\/taosphoto.fr\/en\/#\/schema\/logo\/image\/","url":"https:\/\/taosphoto.fr\/wp-content\/uploads\/2014\/12\/logo-taosphoto.png","contentUrl":"https:\/\/taosphoto.fr\/wp-content\/uploads\/2014\/12\/logo-taosphoto.png","width":1000,"height":1000,"caption":"Taos Photo"},"image":{"@id":"https:\/\/taosphoto.fr\/en\/#\/schema\/logo\/image\/"},"sameAs":["https:\/\/www.facebook.com\/TaosPhotographic\/"]}]}},"_links":{"self":[{"href":"https:\/\/taosphoto.fr\/en\/wp-json\/wp\/v2\/product\/21746"}],"collection":[{"href":"https:\/\/taosphoto.fr\/en\/wp-json\/wp\/v2\/product"}],"about":[{"href":"https:\/\/taosphoto.fr\/en\/wp-json\/wp\/v2\/types\/product"}],"replies":[{"embeddable":true,"href":"https:\/\/taosphoto.fr\/en\/wp-json\/wp\/v2\/comments?post=21746"}],"wp:featuredmedia":[{"embeddable":true,"href":"https:\/\/taosphoto.fr\/en\/wp-json\/wp\/v2\/media\/18846"}],"wp:attachment":[{"href":"https:\/\/taosphoto.fr\/en\/wp-json\/wp\/v2\/media?parent=21746"}],"wp:term":[{"taxonomy":"product_cat","embeddable":true,"href":"https:\/\/taosphoto.fr\/en\/wp-json\/wp\/v2\/product_cat?post=21746"},{"taxonomy":"product_tag","embeddable":true,"href":"https:\/\/taosphoto.fr\/en\/wp-json\/wp\/v2\/product_tag?post=21746"}],"curies":[{"name":"wp","href":"https:\/\/api.w.org\/{rel}","templated":true}]}}