{"id":21735,"date":"2016-03-16T22:27:33","date_gmt":"2016-03-16T21:27:33","guid":{"rendered":"https:\/\/taosphoto.fr\/produit\/hahnemuhle-platinum-rag-pochette-de-5-feuilles\/"},"modified":"2026-03-19T12:32:12","modified_gmt":"2026-03-19T11:32:12","slug":"hahnemuhle-platinum-rag-sample-pack-of-5-sheets","status":"publish","type":"product","link":"https:\/\/taosphoto.fr\/en\/product\/hahnemuhle-platinum-rag-sample-pack-of-5-sheets\/","title":{"rendered":"Hahnem\u00fchle Platinum Rag Sample Pack of 5 Sheets"},"content":{"rendered":"<p>Hahnem\u00fchle Platinum Rag est un papier Fine Art qui a \u00e9t\u00e9 sp\u00e9cialement d\u00e9velopp\u00e9 pour r\u00e9pondre aux exigences de qualit\u00e9 auxquelles sont soumis les papiers pour platinotypie et autres proc\u00e9d\u00e9s de tirage haut-de-gamme, comme les tirages au palladium, Van Dyke, au cyanotype et sur papier sal\u00e9.<\/p>\n<p>Ce papier naturellement blanc ayant un grammage de 300 g\/m\u00b2 est fabriqu\u00e9 \u00e0 partir de fibres 100% coton. Il est d\u00e9pourvu d&#8217;acide et ne contient pas de r\u00e9serve alcaline. B\u00e9n\u00e9ficiant d&#8217;un collage optimis\u00e9, ce papier accepte tr\u00e8s facilement les rev\u00eatements et les clarifications.<\/p>\n<p>Hahnem\u00fchle Platinum Rag se distingue par une gamme de nuances \u00e9tendue et un noir profond. Sa surface lisse, tr\u00e8s l\u00e9g\u00e8rement textur\u00e9e, conf\u00e8re \u00e0 ce papier un toucher agr\u00e9able. Ses deux faces peuvent \u00eatre trait\u00e9es, sans que l&#8217;on puisse distinguer le recto du verso.<\/p>\n<ul>\n<li>100 % coton, 300 g\/m\u00b2<\/li>\n<li>Surface lisse, tr\u00e8s l\u00e9g\u00e8rement textur\u00e9e<\/li>\n<li>Blanc naturel<\/li>\n<li>Sans azurant optique<\/li>\n<li>Sans acide<\/li>\n<li>Sans r\u00e9serve alcaline<\/li>\n<li>Collage optimis\u00e9 pour une manipulation facile<\/li>\n<li>Gamme de nuances \u00e9tendue et noir profond<\/li>\n<li>Toucher agr\u00e9able<\/li>\n<\/ul>\n","protected":false},"excerpt":{"rendered":"<p><span style=\"color: #339966\">En stock<\/span><br \/>\nHahnem\u00fchle Platinum Rag, 100 % coton, 300 g\/m\u00b2.<br \/>\n8,5 x 11&#8243; \/ 21,6 x 27,9 cm \u00a0(5 feuilles)<\/p>\n<p><em><strong>Ce papier n&#8217;est pas un papier jet d&#8217;encre pour imprimantes !<\/strong><\/em><\/p>\n","protected":false},"featured_media":20703,"comment_status":"closed","ping_status":"closed","template":"","meta":{"_acf_changed":false,"_mi_skip_tracking":false,"_exactmetrics_sitenote_active":false,"_exactmetrics_sitenote_note":"","_exactmetrics_sitenote_category":0},"product_cat":[1322],"product_tag":[1405,1406,1408,1409,1407,1410],"acf":[],"yoast_head":"<!-- This site is optimized with the Yoast SEO plugin v21.6 - https:\/\/yoast.com\/wordpress\/plugins\/seo\/ -->\n<title>Hahnem\u00fchle Platinum Rag<\/title>\n<meta name=\"description\" content=\"Hahnem\u00fchle Platinum Rag Platinum Palladium Edition\" \/>\n<meta name=\"robots\" content=\"index, follow, max-snippet:-1, max-image-preview:large, max-video-preview:-1\" \/>\n<link rel=\"canonical\" href=\"https:\/\/taosphoto.fr\/en\/product\/hahnemuhle-platinum-rag-sample-pack-of-5-sheets\/\" \/>\n<meta property=\"og:locale\" content=\"en_US\" \/>\n<meta property=\"og:type\" content=\"article\" \/>\n<meta property=\"og:title\" content=\"Hahnem\u00fchle Platinum Rag\" \/>\n<meta property=\"og:description\" content=\"Hahnem\u00fchle Platinum Rag Platinum Palladium Edition\" \/>\n<meta property=\"og:url\" content=\"https:\/\/taosphoto.fr\/en\/product\/hahnemuhle-platinum-rag-sample-pack-of-5-sheets\/\" \/>\n<meta property=\"og:site_name\" content=\"Taos Photo\" \/>\n<meta property=\"article:publisher\" content=\"https:\/\/www.facebook.com\/TaosPhotographic\/\" \/>\n<meta property=\"article:modified_time\" content=\"2026-03-19T11:32:12+00:00\" \/>\n<meta property=\"og:image\" content=\"https:\/\/taosphoto.fr\/wp-content\/uploads\/2016\/03\/Hahnem\u00fchle-Platinum-Rag.png\" \/>\n\t<meta property=\"og:image:width\" content=\"948\" \/>\n\t<meta property=\"og:image:height\" content=\"802\" \/>\n\t<meta property=\"og:image:type\" content=\"image\/png\" \/>\n<meta name=\"twitter:card\" content=\"summary_large_image\" \/>\n<meta name=\"twitter:label1\" content=\"Est. reading time\" \/>\n\t<meta name=\"twitter:data1\" content=\"1 minute\" \/>\n<script type=\"application\/ld+json\" class=\"yoast-schema-graph\">{\"@context\":\"https:\/\/schema.org\",\"@graph\":[{\"@type\":\"WebPage\",\"@id\":\"https:\/\/taosphoto.fr\/en\/product\/hahnemuhle-platinum-rag-sample-pack-of-5-sheets\/\",\"url\":\"https:\/\/taosphoto.fr\/en\/product\/hahnemuhle-platinum-rag-sample-pack-of-5-sheets\/\",\"name\":\"Hahnem\u00fchle Platinum Rag\",\"isPartOf\":{\"@id\":\"https:\/\/taosphoto.fr\/en\/#website\"},\"datePublished\":\"2016-03-16T21:27:33+00:00\",\"dateModified\":\"2026-03-19T11:32:12+00:00\",\"description\":\"Hahnem\u00fchle Platinum Rag Platinum Palladium Edition\",\"breadcrumb\":{\"@id\":\"https:\/\/taosphoto.fr\/en\/product\/hahnemuhle-platinum-rag-sample-pack-of-5-sheets\/#breadcrumb\"},\"inLanguage\":\"en-US\",\"potentialAction\":[{\"@type\":\"ReadAction\",\"target\":[\"https:\/\/taosphoto.fr\/en\/product\/hahnemuhle-platinum-rag-sample-pack-of-5-sheets\/\"]}]},{\"@type\":\"BreadcrumbList\",\"@id\":\"https:\/\/taosphoto.fr\/en\/product\/hahnemuhle-platinum-rag-sample-pack-of-5-sheets\/#breadcrumb\",\"itemListElement\":[{\"@type\":\"ListItem\",\"position\":1,\"name\":\"Accueil\",\"item\":\"https:\/\/taosphoto.fr\/en\/home-2\/\"},{\"@type\":\"ListItem\",\"position\":2,\"name\":\"Shop\",\"item\":\"https:\/\/taosphoto.fr\/en\/store\/\"},{\"@type\":\"ListItem\",\"position\":3,\"name\":\"Hahnem\u00fchle Platinum Rag Sample Pack of 5 Sheets\"}]},{\"@type\":\"WebSite\",\"@id\":\"https:\/\/taosphoto.fr\/en\/#website\",\"url\":\"https:\/\/taosphoto.fr\/en\/\",\"name\":\"Taos Photo\",\"description\":\"Expert en Piezography\",\"publisher\":{\"@id\":\"https:\/\/taosphoto.fr\/en\/#organization\"},\"potentialAction\":[{\"@type\":\"SearchAction\",\"target\":{\"@type\":\"EntryPoint\",\"urlTemplate\":\"https:\/\/taosphoto.fr\/en\/?s={search_term_string}\"},\"query-input\":\"required name=search_term_string\"}],\"inLanguage\":\"en-US\"},{\"@type\":\"Organization\",\"@id\":\"https:\/\/taosphoto.fr\/en\/#organization\",\"name\":\"Taos Photo\",\"url\":\"https:\/\/taosphoto.fr\/en\/\",\"logo\":{\"@type\":\"ImageObject\",\"inLanguage\":\"en-US\",\"@id\":\"https:\/\/taosphoto.fr\/en\/#\/schema\/logo\/image\/\",\"url\":\"https:\/\/taosphoto.fr\/wp-content\/uploads\/2014\/12\/logo-taosphoto.png\",\"contentUrl\":\"https:\/\/taosphoto.fr\/wp-content\/uploads\/2014\/12\/logo-taosphoto.png\",\"width\":1000,\"height\":1000,\"caption\":\"Taos Photo\"},\"image\":{\"@id\":\"https:\/\/taosphoto.fr\/en\/#\/schema\/logo\/image\/\"},\"sameAs\":[\"https:\/\/www.facebook.com\/TaosPhotographic\/\"]}]}<\/script>\n<!-- \/ Yoast SEO plugin. -->","yoast_head_json":{"title":"Hahnem\u00fchle Platinum Rag","description":"Hahnem\u00fchle Platinum Rag Platinum Palladium Edition","robots":{"index":"index","follow":"follow","max-snippet":"max-snippet:-1","max-image-preview":"max-image-preview:large","max-video-preview":"max-video-preview:-1"},"canonical":"https:\/\/taosphoto.fr\/en\/product\/hahnemuhle-platinum-rag-sample-pack-of-5-sheets\/","og_locale":"en_US","og_type":"article","og_title":"Hahnem\u00fchle Platinum Rag","og_description":"Hahnem\u00fchle Platinum Rag Platinum Palladium Edition","og_url":"https:\/\/taosphoto.fr\/en\/product\/hahnemuhle-platinum-rag-sample-pack-of-5-sheets\/","og_site_name":"Taos Photo","article_publisher":"https:\/\/www.facebook.com\/TaosPhotographic\/","article_modified_time":"2026-03-19T11:32:12+00:00","og_image":[{"width":948,"height":802,"url":"https:\/\/taosphoto.fr\/wp-content\/uploads\/2016\/03\/Hahnem\u00fchle-Platinum-Rag.png","type":"image\/png"}],"twitter_card":"summary_large_image","twitter_misc":{"Est. reading time":"1 minute"},"schema":{"@context":"https:\/\/schema.org","@graph":[{"@type":"WebPage","@id":"https:\/\/taosphoto.fr\/en\/product\/hahnemuhle-platinum-rag-sample-pack-of-5-sheets\/","url":"https:\/\/taosphoto.fr\/en\/product\/hahnemuhle-platinum-rag-sample-pack-of-5-sheets\/","name":"Hahnem\u00fchle Platinum Rag","isPartOf":{"@id":"https:\/\/taosphoto.fr\/en\/#website"},"datePublished":"2016-03-16T21:27:33+00:00","dateModified":"2026-03-19T11:32:12+00:00","description":"Hahnem\u00fchle Platinum Rag Platinum Palladium Edition","breadcrumb":{"@id":"https:\/\/taosphoto.fr\/en\/product\/hahnemuhle-platinum-rag-sample-pack-of-5-sheets\/#breadcrumb"},"inLanguage":"en-US","potentialAction":[{"@type":"ReadAction","target":["https:\/\/taosphoto.fr\/en\/product\/hahnemuhle-platinum-rag-sample-pack-of-5-sheets\/"]}]},{"@type":"BreadcrumbList","@id":"https:\/\/taosphoto.fr\/en\/product\/hahnemuhle-platinum-rag-sample-pack-of-5-sheets\/#breadcrumb","itemListElement":[{"@type":"ListItem","position":1,"name":"Accueil","item":"https:\/\/taosphoto.fr\/en\/home-2\/"},{"@type":"ListItem","position":2,"name":"Shop","item":"https:\/\/taosphoto.fr\/en\/store\/"},{"@type":"ListItem","position":3,"name":"Hahnem\u00fchle Platinum Rag Sample Pack of 5 Sheets"}]},{"@type":"WebSite","@id":"https:\/\/taosphoto.fr\/en\/#website","url":"https:\/\/taosphoto.fr\/en\/","name":"Taos Photo","description":"Expert en Piezography","publisher":{"@id":"https:\/\/taosphoto.fr\/en\/#organization"},"potentialAction":[{"@type":"SearchAction","target":{"@type":"EntryPoint","urlTemplate":"https:\/\/taosphoto.fr\/en\/?s={search_term_string}"},"query-input":"required name=search_term_string"}],"inLanguage":"en-US"},{"@type":"Organization","@id":"https:\/\/taosphoto.fr\/en\/#organization","name":"Taos Photo","url":"https:\/\/taosphoto.fr\/en\/","logo":{"@type":"ImageObject","inLanguage":"en-US","@id":"https:\/\/taosphoto.fr\/en\/#\/schema\/logo\/image\/","url":"https:\/\/taosphoto.fr\/wp-content\/uploads\/2014\/12\/logo-taosphoto.png","contentUrl":"https:\/\/taosphoto.fr\/wp-content\/uploads\/2014\/12\/logo-taosphoto.png","width":1000,"height":1000,"caption":"Taos Photo"},"image":{"@id":"https:\/\/taosphoto.fr\/en\/#\/schema\/logo\/image\/"},"sameAs":["https:\/\/www.facebook.com\/TaosPhotographic\/"]}]}},"_links":{"self":[{"href":"https:\/\/taosphoto.fr\/en\/wp-json\/wp\/v2\/product\/21735"}],"collection":[{"href":"https:\/\/taosphoto.fr\/en\/wp-json\/wp\/v2\/product"}],"about":[{"href":"https:\/\/taosphoto.fr\/en\/wp-json\/wp\/v2\/types\/product"}],"replies":[{"embeddable":true,"href":"https:\/\/taosphoto.fr\/en\/wp-json\/wp\/v2\/comments?post=21735"}],"wp:featuredmedia":[{"embeddable":true,"href":"https:\/\/taosphoto.fr\/en\/wp-json\/wp\/v2\/media\/20703"}],"wp:attachment":[{"href":"https:\/\/taosphoto.fr\/en\/wp-json\/wp\/v2\/media?parent=21735"}],"wp:term":[{"taxonomy":"product_cat","embeddable":true,"href":"https:\/\/taosphoto.fr\/en\/wp-json\/wp\/v2\/product_cat?post=21735"},{"taxonomy":"product_tag","embeddable":true,"href":"https:\/\/taosphoto.fr\/en\/wp-json\/wp\/v2\/product_tag?post=21735"}],"curies":[{"name":"wp","href":"https:\/\/api.w.org\/{rel}","templated":true}]}}