{"id":21705,"date":"2016-08-28T10:19:28","date_gmt":"2016-08-28T08:19:28","guid":{"rendered":"https:\/\/taosphoto.fr\/produit\/logiciel-piezodn\/"},"modified":"2018-02-09T17:14:48","modified_gmt":"2018-02-09T16:14:48","slug":"piezodn-software","status":"publish","type":"product","link":"https:\/\/taosphoto.fr\/en\/product\/piezodn-software\/","title":{"rendered":"PiezoDN&#x2122; software"},"content":{"rendered":"<p><strong>Les meilleurs n\u00e9gatifs au Monde.<\/strong><\/p>\n<p>Parce que\u00a0<strong>PiezoDN&#x2122;<\/strong> repose sur la technologie des encres et des courbes \u00e9prouv\u00e9es de la Piezography, les n\u00e9gatifs qu&#8217;elle produit sont capables de cr\u00e9er des milliers et des milliers de transitions tonales. Ce syst\u00e8me correspond r\u00e9ellement \u00e0 l&#8217;\u00e9tendue tonale des tirages d&#8217;art aux m\u00e9taux nobles comme le Platine et le Palladium. Parce que <strong>PiezoDN&#x2122;<\/strong> est un n\u00e9gatif jet d&#8217;encre vous pouvez le calibrer parfaitement pour tout proc\u00e9d\u00e9 analogique et imprimer vos n\u00e9gatifs &#8220;\u00e0 la vol\u00e9e&#8221; ce qui n&#8217;est pas possible de faire avec des imageurs num\u00e9riques LVT plus on\u00e9reux.<\/p>\n<p><strong>PiezoDN&#x2122; est le laboratoire V2<\/strong><\/p>\n<p><strong>PiezoDN&#x2122;<\/strong> a \u00e9t\u00e9 con\u00e7ue au d\u00e9part pour le tirage au Platine\/Palladium mais rapidement Jon Cone et son \u00e9quipe ont r\u00e9alis\u00e9s que cette technique pouvait offrir beaucoup plus. Ils ont donc mis au point une s\u00e9rie de courbes pour les tirages \u00e0 la gomme bichromat\u00e9e, Cyanotype, papier sal\u00e9, Ziatype et tirages argentiques. Dans le futur seront cr\u00e9\u00e9es des courbes pour les tirages Malde-Ware, Platine, photogravure, et la liste continue&#8230;<\/p>\n<p><strong>0.7 Point Text ! Oui c&#8217;est possible !<\/strong><\/p>\n<p>Il y a fort longtemps l&#8217;extraordinaire r\u00e9solution de la Piezography a \u00e9t\u00e9 prouv\u00e9e en imprimant un <a href=\"https:\/\/taosphoto.fr\/boutique\/encres-piezography\/\">&#8220;1 point text&#8221;<\/a> (ce qui n&#8217;est normalement pas possible avec une imprimante jet d&#8217;encre Epson, m\u00eame avec les toutes nouvelles). <strong>PiezoDN&#x2122;<\/strong> a \u00e9t\u00e9 encore plus loin en imprimant ce texte &#8220;Alice in Wonderland&#8221; sur un format 3,5&#215;4,5 Inches avec une taille de texte 0.7 LISIBLE ! Bien sur vous avez besoin d&#8217;un compte-fil afin de pouvoir le lire. Les n\u00e9gatifs que produit <strong>PiezoDN&#x2122;\u00a0<\/strong>sont d&#8217;une r\u00e9solution plus fine que les tirages au\u00a0Platine\/Palladium ou toute autre m\u00e9thode \u00e0 couchage d&#8217;\u00e9mulsion, m\u00eame en utilisant un agrandisseur classique et un plateau aspirant. <strong>PiezoDN&#x2122;\u00a0<\/strong>produit des n\u00e9gatifs qui rivalisent ou m\u00eame d\u00e9passent les n\u00e9gatifs traditionnels issus des appareils num\u00e9riques comme le A7rII ou m\u00eame les dos num\u00e9riques moyen-format.<\/p>\n<p>Tir\u00e9 sur un papier argentique, ce syst\u00e8me d\u00e9passe de loin toute offre sur le march\u00e9, autant sur le plan de la r\u00e9solution tonale que sur le choix du papier dans votre propre laboratoire.<\/p>\n<p><strong>Calibration faite maison<\/strong><\/p>\n<p><strong>PiezoDN&#x2122;<\/strong>\u00a0est livr\u00e9 avec des outils pour calibrer (lin\u00e9arisation) vos propres n\u00e9gatifs. Vous pouvez donc litt\u00e9ralement obtenir la m\u00eame s\u00e9paration tonale dans votre laboratoire qu&#8217;avec votre imprimante Piezography sur papier jet d&#8217;encre.<\/p>\n<p><strong>N\u00e9cessite (PiezoDN&#x2122; ne fonctionne que sur Mac):<\/strong><\/p>\n<p>&#8211; OSX 10.6 ou plus r\u00e9cent, Quad Tone Rip, Print Tool, encres Piezography, Excel 2011 ou plus r\u00e9cent.<\/p>\n<p>&#8211; \u00a0i1Pro ou un spectrophotom\u00e8tre \u00e9quivalent (ColorMunki)<\/p>\n<p>&#8211; Film transparent <a href=\"https:\/\/taosphoto.fr\/produit\/pictorico-pro-ultra-premium-ohp-transparency-film\/\">Pictorico Pro Ultra Premium OHP<\/a><\/p>\n<p><strong>Imprimantes compatibles pour le moment (en cours d&#8217;\u00e9volution):<\/strong><\/p>\n<p>Epson 1430, 3880, 4900, 7900, 9900, 7890 et 9890.<\/p>\n<p>Epson 4900 dispose pour de courbes pour\u00a0gomme bichromat\u00e9e, Cyanotype, papier sal\u00e9, Ziatype et tirage argentique.<\/p>\n<p>Epson 7900\/9900 dispose de courbes additionnelles con\u00e7ues pour les tirages au\u00a0Platine\/Palladium 80%Pt + 20%Pd et d\u00e9veloppeur AC.<\/p>\n","protected":false},"excerpt":{"rendered":"<p>PiezoDN&#x2122; est un ensemble d\u2019outil et de courbes \u00e0 utiliser avec le <a href=\"http:\/\/www.quadtonerip.com\/html\/QTRoverview.html\">Quad Tone Rip<\/a>\u00a0pour imprimer et calibrer des n\u00e9gatifs de haute qualit\u00e9 en utilisant les encres Piezography.<\/p>\n<p><span style=\"color: #000000;\">Vous obtenez 48 heures apr\u00e8s votre achat un login et un mot de passe pour vous connecter sur le site <a href=\"http:\/\/piezodn.inkjetmall.com\">PiezoDN&#x2122;<\/a>\u00a0afin de t\u00e9l\u00e9charger le logiciel et tous ses outils (en anglais) et avoir acc\u00e8s aux forums priv\u00e9s.<\/span><\/p>\n<div><\/div>\n","protected":false},"featured_media":20934,"comment_status":"closed","ping_status":"closed","template":"","meta":{"_acf_changed":false,"_mi_skip_tracking":false,"_exactmetrics_sitenote_active":false,"_exactmetrics_sitenote_note":"","_exactmetrics_sitenote_category":0},"product_cat":[1324],"product_tag":[1395,1396],"acf":[],"yoast_head":"<!-- This site is optimized with the Yoast SEO plugin v21.6 - https:\/\/yoast.com\/wordpress\/plugins\/seo\/ -->\n<title>PiezoDN<\/title>\n<meta name=\"description\" content=\"PiezoDN\" \/>\n<meta name=\"robots\" content=\"index, follow, max-snippet:-1, max-image-preview:large, max-video-preview:-1\" \/>\n<link rel=\"canonical\" href=\"https:\/\/taosphoto.fr\/en\/product\/piezodn-software\/\" \/>\n<meta property=\"og:locale\" content=\"en_US\" \/>\n<meta property=\"og:type\" content=\"article\" \/>\n<meta property=\"og:title\" content=\"PiezoDN\" \/>\n<meta property=\"og:description\" content=\"PiezoDN\" \/>\n<meta property=\"og:url\" content=\"https:\/\/taosphoto.fr\/en\/product\/piezodn-software\/\" \/>\n<meta property=\"og:site_name\" content=\"Taos Photo\" \/>\n<meta property=\"article:publisher\" content=\"https:\/\/www.facebook.com\/TaosPhotographic\/\" \/>\n<meta property=\"article:modified_time\" content=\"2018-02-09T16:14:48+00:00\" \/>\n<meta property=\"og:image\" content=\"https:\/\/taosphoto.fr\/wp-content\/uploads\/2016\/08\/logiciel-piezodn-taosphoto-01.jpg\" \/>\n\t<meta property=\"og:image:width\" content=\"2000\" \/>\n\t<meta property=\"og:image:height\" content=\"2000\" \/>\n\t<meta property=\"og:image:type\" content=\"image\/jpeg\" \/>\n<meta name=\"twitter:card\" content=\"summary_large_image\" \/>\n<meta name=\"twitter:label1\" content=\"Est. reading time\" \/>\n\t<meta name=\"twitter:data1\" content=\"3 minutes\" \/>\n<script type=\"application\/ld+json\" class=\"yoast-schema-graph\">{\"@context\":\"https:\/\/schema.org\",\"@graph\":[{\"@type\":\"WebPage\",\"@id\":\"https:\/\/taosphoto.fr\/en\/product\/piezodn-software\/\",\"url\":\"https:\/\/taosphoto.fr\/en\/product\/piezodn-software\/\",\"name\":\"PiezoDN\",\"isPartOf\":{\"@id\":\"https:\/\/taosphoto.fr\/en\/#website\"},\"datePublished\":\"2016-08-28T08:19:28+00:00\",\"dateModified\":\"2018-02-09T16:14:48+00:00\",\"description\":\"PiezoDN\",\"breadcrumb\":{\"@id\":\"https:\/\/taosphoto.fr\/en\/product\/piezodn-software\/#breadcrumb\"},\"inLanguage\":\"en-US\",\"potentialAction\":[{\"@type\":\"ReadAction\",\"target\":[\"https:\/\/taosphoto.fr\/en\/product\/piezodn-software\/\"]}]},{\"@type\":\"BreadcrumbList\",\"@id\":\"https:\/\/taosphoto.fr\/en\/product\/piezodn-software\/#breadcrumb\",\"itemListElement\":[{\"@type\":\"ListItem\",\"position\":1,\"name\":\"Accueil\",\"item\":\"https:\/\/taosphoto.fr\/en\/home-2\/\"},{\"@type\":\"ListItem\",\"position\":2,\"name\":\"Shop\",\"item\":\"https:\/\/taosphoto.fr\/en\/store\/\"},{\"@type\":\"ListItem\",\"position\":3,\"name\":\"PiezoDN&#x2122; software\"}]},{\"@type\":\"WebSite\",\"@id\":\"https:\/\/taosphoto.fr\/en\/#website\",\"url\":\"https:\/\/taosphoto.fr\/en\/\",\"name\":\"Taos Photo\",\"description\":\"Expert en Piezography\",\"publisher\":{\"@id\":\"https:\/\/taosphoto.fr\/en\/#organization\"},\"potentialAction\":[{\"@type\":\"SearchAction\",\"target\":{\"@type\":\"EntryPoint\",\"urlTemplate\":\"https:\/\/taosphoto.fr\/en\/?s={search_term_string}\"},\"query-input\":\"required name=search_term_string\"}],\"inLanguage\":\"en-US\"},{\"@type\":\"Organization\",\"@id\":\"https:\/\/taosphoto.fr\/en\/#organization\",\"name\":\"Taos Photo\",\"url\":\"https:\/\/taosphoto.fr\/en\/\",\"logo\":{\"@type\":\"ImageObject\",\"inLanguage\":\"en-US\",\"@id\":\"https:\/\/taosphoto.fr\/en\/#\/schema\/logo\/image\/\",\"url\":\"https:\/\/taosphoto.fr\/wp-content\/uploads\/2014\/12\/logo-taosphoto.png\",\"contentUrl\":\"https:\/\/taosphoto.fr\/wp-content\/uploads\/2014\/12\/logo-taosphoto.png\",\"width\":1000,\"height\":1000,\"caption\":\"Taos Photo\"},\"image\":{\"@id\":\"https:\/\/taosphoto.fr\/en\/#\/schema\/logo\/image\/\"},\"sameAs\":[\"https:\/\/www.facebook.com\/TaosPhotographic\/\"]}]}<\/script>\n<!-- \/ Yoast SEO plugin. -->","yoast_head_json":{"title":"PiezoDN","description":"PiezoDN","robots":{"index":"index","follow":"follow","max-snippet":"max-snippet:-1","max-image-preview":"max-image-preview:large","max-video-preview":"max-video-preview:-1"},"canonical":"https:\/\/taosphoto.fr\/en\/product\/piezodn-software\/","og_locale":"en_US","og_type":"article","og_title":"PiezoDN","og_description":"PiezoDN","og_url":"https:\/\/taosphoto.fr\/en\/product\/piezodn-software\/","og_site_name":"Taos Photo","article_publisher":"https:\/\/www.facebook.com\/TaosPhotographic\/","article_modified_time":"2018-02-09T16:14:48+00:00","og_image":[{"width":2000,"height":2000,"url":"https:\/\/taosphoto.fr\/wp-content\/uploads\/2016\/08\/logiciel-piezodn-taosphoto-01.jpg","type":"image\/jpeg"}],"twitter_card":"summary_large_image","twitter_misc":{"Est. reading time":"3 minutes"},"schema":{"@context":"https:\/\/schema.org","@graph":[{"@type":"WebPage","@id":"https:\/\/taosphoto.fr\/en\/product\/piezodn-software\/","url":"https:\/\/taosphoto.fr\/en\/product\/piezodn-software\/","name":"PiezoDN","isPartOf":{"@id":"https:\/\/taosphoto.fr\/en\/#website"},"datePublished":"2016-08-28T08:19:28+00:00","dateModified":"2018-02-09T16:14:48+00:00","description":"PiezoDN","breadcrumb":{"@id":"https:\/\/taosphoto.fr\/en\/product\/piezodn-software\/#breadcrumb"},"inLanguage":"en-US","potentialAction":[{"@type":"ReadAction","target":["https:\/\/taosphoto.fr\/en\/product\/piezodn-software\/"]}]},{"@type":"BreadcrumbList","@id":"https:\/\/taosphoto.fr\/en\/product\/piezodn-software\/#breadcrumb","itemListElement":[{"@type":"ListItem","position":1,"name":"Accueil","item":"https:\/\/taosphoto.fr\/en\/home-2\/"},{"@type":"ListItem","position":2,"name":"Shop","item":"https:\/\/taosphoto.fr\/en\/store\/"},{"@type":"ListItem","position":3,"name":"PiezoDN&#x2122; software"}]},{"@type":"WebSite","@id":"https:\/\/taosphoto.fr\/en\/#website","url":"https:\/\/taosphoto.fr\/en\/","name":"Taos Photo","description":"Expert en Piezography","publisher":{"@id":"https:\/\/taosphoto.fr\/en\/#organization"},"potentialAction":[{"@type":"SearchAction","target":{"@type":"EntryPoint","urlTemplate":"https:\/\/taosphoto.fr\/en\/?s={search_term_string}"},"query-input":"required name=search_term_string"}],"inLanguage":"en-US"},{"@type":"Organization","@id":"https:\/\/taosphoto.fr\/en\/#organization","name":"Taos Photo","url":"https:\/\/taosphoto.fr\/en\/","logo":{"@type":"ImageObject","inLanguage":"en-US","@id":"https:\/\/taosphoto.fr\/en\/#\/schema\/logo\/image\/","url":"https:\/\/taosphoto.fr\/wp-content\/uploads\/2014\/12\/logo-taosphoto.png","contentUrl":"https:\/\/taosphoto.fr\/wp-content\/uploads\/2014\/12\/logo-taosphoto.png","width":1000,"height":1000,"caption":"Taos Photo"},"image":{"@id":"https:\/\/taosphoto.fr\/en\/#\/schema\/logo\/image\/"},"sameAs":["https:\/\/www.facebook.com\/TaosPhotographic\/"]}]}},"_links":{"self":[{"href":"https:\/\/taosphoto.fr\/en\/wp-json\/wp\/v2\/product\/21705"}],"collection":[{"href":"https:\/\/taosphoto.fr\/en\/wp-json\/wp\/v2\/product"}],"about":[{"href":"https:\/\/taosphoto.fr\/en\/wp-json\/wp\/v2\/types\/product"}],"replies":[{"embeddable":true,"href":"https:\/\/taosphoto.fr\/en\/wp-json\/wp\/v2\/comments?post=21705"}],"wp:featuredmedia":[{"embeddable":true,"href":"https:\/\/taosphoto.fr\/en\/wp-json\/wp\/v2\/media\/20934"}],"wp:attachment":[{"href":"https:\/\/taosphoto.fr\/en\/wp-json\/wp\/v2\/media?parent=21705"}],"wp:term":[{"taxonomy":"product_cat","embeddable":true,"href":"https:\/\/taosphoto.fr\/en\/wp-json\/wp\/v2\/product_cat?post=21705"},{"taxonomy":"product_tag","embeddable":true,"href":"https:\/\/taosphoto.fr\/en\/wp-json\/wp\/v2\/product_tag?post=21705"}],"curies":[{"name":"wp","href":"https:\/\/api.w.org\/{rel}","templated":true}]}}