{"id":22639,"date":"2018-05-30T14:05:18","date_gmt":"2018-05-30T12:05:18","guid":{"rendered":"https:\/\/taosphoto.fr\/politique-de-confidentialite\/"},"modified":"2018-06-06T14:34:27","modified_gmt":"2018-06-06T12:34:27","slug":"politique-de-confidentialite","status":"publish","type":"page","link":"https:\/\/taosphoto.fr\/en\/politique-de-confidentialite\/","title":{"rendered":"Privacy policy"},"content":{"rendered":"<p>Taos Photo s\u2019engage, dans le cadre de ses activit\u00e9s et conform\u00e9ment \u00e0 la l\u00e9gislation en vigueur en France et en Europe, \u00e0 assurer la protection, la confidentialit\u00e9 et la s\u00e9curit\u00e9 des donn\u00e9es \u00e0 caract\u00e8re personnel des utilisateurs de ses services, ainsi qu\u2019\u00e0 respecter leur vie priv\u00e9e.<\/p>\n<p>La pr\u00e9sente Politique vous informe sur la fa\u00e7on dont Taos Photo, ses sous-traitants et ses \u00e9ventuels partenaires traitent vos donn\u00e9es personnelles.<\/p>\n<p>Cette Politique est notamment applicable aux clients et utilisateurs du site taosphoto.fr.<\/p>\n<h3>Pourquoi Taos Photo traite vos donn\u00e9es ?<\/h3>\n<p>Taos Photo ne traite les donn\u00e9es personnelles que pour des finalit\u00e9s d\u00e9termin\u00e9es, explicites et l\u00e9gitimes. Nous ne traitons pas ces donn\u00e9es de mani\u00e8re incompatible avec ces finalit\u00e9s.<\/p>\n<h3>Taos Photo traite vos donn\u00e9es dans le cadre de l\u2019ex\u00e9cution d\u2019une commande :<\/h3>\n<p>A cet effet, les finalit\u00e9s poursuivies sont les suivantes :<\/p>\n<ul>\n<li>G\u00e9rer l&#8217;identit\u00e9 du client ou de l\u2019utilisateur et l&#8217;authentifier<\/li>\n<li>G\u00e9rer la commande<\/li>\n<li>Facturer et encaisser les paiements<\/li>\n<li>Assurer le service avant-vente et vendre<\/li>\n<li>Assurer le Service Apr\u00e8s-Vente<\/li>\n<li>G\u00e9rer les donn\u00e9es personnelles, caract\u00e9ristiques et droits d&#8217;un contrat<\/li>\n<li>Traiter les retours<\/li>\n<li>Traiter les r\u00e9clamations<\/li>\n<li>Communiquer au titre de la gestion de la client\u00e8le<\/li>\n<li>G\u00e9rer les courriers entrants<\/li>\n<li>Recouvrer les impay\u00e9s<\/li>\n<li>G\u00e9rer les contentieux<\/li>\n<li>G\u00e9rer les demandes relatives aux droits des personnes concern\u00e9es<\/li>\n<li>Stocker des donn\u00e9es du client ou d&#8217;un utilisateur<\/li>\n<li>Proposer des services d&#8217;authentification<\/li>\n<\/ul>\n<p>Vos donn\u00e9es sont conserv\u00e9es pour la dur\u00e9e n\u00e9cessaire \u00e0 l\u2019accomplissement des finalit\u00e9s mentionn\u00e9es ci-dessus. S\u2019agissant des traitements relatifs \u00e0 l\u2019ex\u00e9cution du contrat, les donn\u00e9es peuvent \u00eatre conserv\u00e9es au maximum pour une dur\u00e9e de trois ans \u00e0 compter de la fin de la relation.<\/p>\n<h3>Taos Photo est \u00e9galement susceptible de r\u00e9aliser des traitements de vos donn\u00e9es \u00e0 des fins statistiques.<\/h3>\n<p>Selon le cas, Taos Photo traite vos donn\u00e9es personnelles, directement collect\u00e9es aupr\u00e8s de vous ou r\u00e9sultant de l\u2019utilisation des produits ou services.<\/p>\n<p>Taos Photo ne traite une donn\u00e9e ou une cat\u00e9gorie de donn\u00e9es que si elle est strictement n\u00e9cessaire \u00e0 la finalit\u00e9 poursuivie. Vous pouvez retrouver des informations sur ces finalit\u00e9s ci-dessus.<\/p>\n<ul>\n<li>Donn\u00e9es d\u2019identification : Nom, pr\u00e9nom, identifiant, SIREN\u2026<\/li>\n<li>Donn\u00e9es de contact : adresse postale, email, num\u00e9ro de t\u00e9l\u00e9phone\u2026<\/li>\n<li>Produits et services d\u00e9tenus ou utilis\u00e9s<\/li>\n<\/ul>\n<h3>Quels sont les destinataires de vos donn\u00e9es ?<\/h3>\n<p>Les donn\u00e9es collect\u00e9es sont destin\u00e9es aux services internes de Taos Photo et \u00e0 ses sous-traitants.<\/p>\n<h3>Quels sont vos droits ?<\/h3>\n<p>Vous disposez d\u2019un droit d\u2019acc\u00e8s, de rectification et de suppression des donn\u00e9es qui vous concernent. Vous pouvez demander la portabilit\u00e9 de ces derni\u00e8res. Vous avez \u00e9galement le droit de vous opposer aux traitements r\u00e9alis\u00e9s ou d\u2019en demander la limitation.<\/p>\n<p>Vous pouvez \u00e9mettre des directives sur la conservation, la suppression ou la communication de vos donn\u00e9es personnelles apr\u00e8s votre d\u00e9c\u00e8s.<\/p>\n<h3>Comment exercer vos droits ?<\/h3>\n<p>Vous pouvez exercer vos droits \u00e0 tout moment, ainsi que contacter le D\u00e9l\u00e9gu\u00e9 \u00e0 la Protection des Donn\u00e9es personnelles \u00e0 l&#8217;adresse ci-dessous :<br \/>\n<em>TAOS Photographic &#8211; 55, avenue Louis Br\u00e9guet &#8211; 31400 Toulouse &#8211; France<\/em><\/p>\n<p>Toute demande d&#8217;exercice de vos droits doit \u00eatre accompagn\u00e9e de la photocopie d&#8217;un justificatif d&#8217;identit\u00e9 (carte nationale d&#8217;identit\u00e9 d\u00e9livr\u00e9e par l&#8217;Etat fran\u00e7ais ou carte d&#8217;identit\u00e9 de l&#8217;union Europ\u00e9enne ou passeport, carte de r\u00e9sident d\u00e9livr\u00e9e par l&#8217;Etat fran\u00e7ais, carte de s\u00e9jour d\u00e9livr\u00e9e par l&#8217;Etat fran\u00e7ais ou livret de circulation d\u00e9livr\u00e9 par l&#8217;Etat fran\u00e7ais). Une r\u00e9ponse vous sera adress\u00e9e dans un d\u00e9lai d&#8217;un mois \u00e0 compter de la r\u00e9ception de votre demande.<\/p>\n<h3>Comment vos donn\u00e9es sont-elles s\u00e9curis\u00e9es ?<\/h3>\n<p>Taos Photo s\u2019assure que vos donn\u00e9es sont trait\u00e9es en toute s\u00e9curit\u00e9 et confidentialit\u00e9, y compris lorsque certaines op\u00e9rations sont r\u00e9alis\u00e9es par des sous-traitants. A cet effet les mesures techniques et organisationnelles appropri\u00e9es pour \u00e9viter la perte, la mauvaise utilisation, l\u2019alt\u00e9ration et la suppression des donn\u00e9es personnelles vous concernant sont mises en place. Ces mesures sont adapt\u00e9es selon le niveau de sensibilit\u00e9 des donn\u00e9es trait\u00e9es et selon le niveau de risque que pr\u00e9sente le traitement ou sa mise en \u0153uvre.<\/p>\n<h3>Modification de la Politique de protection des donn\u00e9es<\/h3>\n<p>La pr\u00e9sente Politique de protection des donn\u00e9es personnelles peut \u00eatre amen\u00e9e \u00e0 \u00e9voluer.<\/p>\n<p>Derni\u00e8re mise \u00e0 jour le 25\/05\/2018<\/p>\n","protected":false},"excerpt":{"rendered":"<p>Taos Photo s\u2019engage, dans le cadre de ses activit\u00e9s et conform\u00e9ment \u00e0 la l\u00e9gislation en vigueur en France et en Europe, \u00e0 assurer la protection, la confidentialit\u00e9 et la s\u00e9curit\u00e9 des donn\u00e9es \u00e0 caract\u00e8re personnel des utilisateurs de ses services, ainsi qu\u2019\u00e0 respecter leur vie priv\u00e9e. La pr\u00e9sente Politique vous informe sur la fa\u00e7on dont&hellip;<\/p>\n","protected":false},"author":1,"featured_media":0,"parent":0,"menu_order":99,"comment_status":"closed","ping_status":"closed","template":"","meta":{"_acf_changed":false,"_mi_skip_tracking":false,"_exactmetrics_sitenote_active":false,"_exactmetrics_sitenote_note":"","_exactmetrics_sitenote_category":0,"footnotes":""},"acf":[],"yoast_head":"<!-- This site is optimized with the Yoast SEO plugin v21.6 - https:\/\/yoast.com\/wordpress\/plugins\/seo\/ -->\n<title>Privacy policy &#8211; Taos Photo<\/title>\n<meta name=\"robots\" content=\"index, follow, max-snippet:-1, max-image-preview:large, max-video-preview:-1\" \/>\n<link rel=\"canonical\" href=\"https:\/\/taosphoto.fr\/en\/politique-de-confidentialite\/\" \/>\n<meta property=\"og:locale\" content=\"en_US\" \/>\n<meta property=\"og:type\" content=\"article\" \/>\n<meta property=\"og:title\" content=\"Privacy policy &#8211; Taos Photo\" \/>\n<meta property=\"og:description\" content=\"Taos Photo s\u2019engage, dans le cadre de ses activit\u00e9s et conform\u00e9ment \u00e0 la l\u00e9gislation en vigueur en France et en Europe, \u00e0 assurer la protection, la confidentialit\u00e9 et la s\u00e9curit\u00e9 des donn\u00e9es \u00e0 caract\u00e8re personnel des utilisateurs de ses services, ainsi qu\u2019\u00e0 respecter leur vie priv\u00e9e. La pr\u00e9sente Politique vous informe sur la fa\u00e7on dont&hellip;\" \/>\n<meta property=\"og:url\" content=\"https:\/\/taosphoto.fr\/en\/politique-de-confidentialite\/\" \/>\n<meta property=\"og:site_name\" content=\"Taos Photo\" \/>\n<meta property=\"article:publisher\" content=\"https:\/\/www.facebook.com\/TaosPhotographic\/\" \/>\n<meta property=\"article:modified_time\" content=\"2018-06-06T12:34:27+00:00\" \/>\n<meta name=\"twitter:card\" content=\"summary_large_image\" \/>\n<meta name=\"twitter:label1\" content=\"Est. reading time\" \/>\n\t<meta name=\"twitter:data1\" content=\"4 minutes\" \/>\n<script type=\"application\/ld+json\" class=\"yoast-schema-graph\">{\"@context\":\"https:\/\/schema.org\",\"@graph\":[{\"@type\":\"WebPage\",\"@id\":\"https:\/\/taosphoto.fr\/en\/politique-de-confidentialite\/\",\"url\":\"https:\/\/taosphoto.fr\/en\/politique-de-confidentialite\/\",\"name\":\"Privacy policy &#8211; Taos Photo\",\"isPartOf\":{\"@id\":\"https:\/\/taosphoto.fr\/en\/#website\"},\"datePublished\":\"2018-05-30T12:05:18+00:00\",\"dateModified\":\"2018-06-06T12:34:27+00:00\",\"breadcrumb\":{\"@id\":\"https:\/\/taosphoto.fr\/en\/politique-de-confidentialite\/#breadcrumb\"},\"inLanguage\":\"en-US\",\"potentialAction\":[{\"@type\":\"ReadAction\",\"target\":[\"https:\/\/taosphoto.fr\/en\/politique-de-confidentialite\/\"]}]},{\"@type\":\"BreadcrumbList\",\"@id\":\"https:\/\/taosphoto.fr\/en\/politique-de-confidentialite\/#breadcrumb\",\"itemListElement\":[{\"@type\":\"ListItem\",\"position\":1,\"name\":\"Accueil\",\"item\":\"https:\/\/taosphoto.fr\/en\/home-2\/\"},{\"@type\":\"ListItem\",\"position\":2,\"name\":\"Privacy policy\"}]},{\"@type\":\"WebSite\",\"@id\":\"https:\/\/taosphoto.fr\/en\/#website\",\"url\":\"https:\/\/taosphoto.fr\/en\/\",\"name\":\"Taos Photo\",\"description\":\"Expert en Piezography\",\"publisher\":{\"@id\":\"https:\/\/taosphoto.fr\/en\/#organization\"},\"potentialAction\":[{\"@type\":\"SearchAction\",\"target\":{\"@type\":\"EntryPoint\",\"urlTemplate\":\"https:\/\/taosphoto.fr\/en\/?s={search_term_string}\"},\"query-input\":\"required name=search_term_string\"}],\"inLanguage\":\"en-US\"},{\"@type\":\"Organization\",\"@id\":\"https:\/\/taosphoto.fr\/en\/#organization\",\"name\":\"Taos Photo\",\"url\":\"https:\/\/taosphoto.fr\/en\/\",\"logo\":{\"@type\":\"ImageObject\",\"inLanguage\":\"en-US\",\"@id\":\"https:\/\/taosphoto.fr\/en\/#\/schema\/logo\/image\/\",\"url\":\"https:\/\/taosphoto.fr\/wp-content\/uploads\/2014\/12\/logo-taosphoto.png\",\"contentUrl\":\"https:\/\/taosphoto.fr\/wp-content\/uploads\/2014\/12\/logo-taosphoto.png\",\"width\":1000,\"height\":1000,\"caption\":\"Taos Photo\"},\"image\":{\"@id\":\"https:\/\/taosphoto.fr\/en\/#\/schema\/logo\/image\/\"},\"sameAs\":[\"https:\/\/www.facebook.com\/TaosPhotographic\/\"]}]}<\/script>\n<!-- \/ Yoast SEO plugin. -->","yoast_head_json":{"title":"Privacy policy &#8211; Taos Photo","robots":{"index":"index","follow":"follow","max-snippet":"max-snippet:-1","max-image-preview":"max-image-preview:large","max-video-preview":"max-video-preview:-1"},"canonical":"https:\/\/taosphoto.fr\/en\/politique-de-confidentialite\/","og_locale":"en_US","og_type":"article","og_title":"Privacy policy &#8211; Taos Photo","og_description":"Taos Photo s\u2019engage, dans le cadre de ses activit\u00e9s et conform\u00e9ment \u00e0 la l\u00e9gislation en vigueur en France et en Europe, \u00e0 assurer la protection, la confidentialit\u00e9 et la s\u00e9curit\u00e9 des donn\u00e9es \u00e0 caract\u00e8re personnel des utilisateurs de ses services, ainsi qu\u2019\u00e0 respecter leur vie priv\u00e9e. La pr\u00e9sente Politique vous informe sur la fa\u00e7on dont&hellip;","og_url":"https:\/\/taosphoto.fr\/en\/politique-de-confidentialite\/","og_site_name":"Taos Photo","article_publisher":"https:\/\/www.facebook.com\/TaosPhotographic\/","article_modified_time":"2018-06-06T12:34:27+00:00","twitter_card":"summary_large_image","twitter_misc":{"Est. reading time":"4 minutes"},"schema":{"@context":"https:\/\/schema.org","@graph":[{"@type":"WebPage","@id":"https:\/\/taosphoto.fr\/en\/politique-de-confidentialite\/","url":"https:\/\/taosphoto.fr\/en\/politique-de-confidentialite\/","name":"Privacy policy &#8211; Taos Photo","isPartOf":{"@id":"https:\/\/taosphoto.fr\/en\/#website"},"datePublished":"2018-05-30T12:05:18+00:00","dateModified":"2018-06-06T12:34:27+00:00","breadcrumb":{"@id":"https:\/\/taosphoto.fr\/en\/politique-de-confidentialite\/#breadcrumb"},"inLanguage":"en-US","potentialAction":[{"@type":"ReadAction","target":["https:\/\/taosphoto.fr\/en\/politique-de-confidentialite\/"]}]},{"@type":"BreadcrumbList","@id":"https:\/\/taosphoto.fr\/en\/politique-de-confidentialite\/#breadcrumb","itemListElement":[{"@type":"ListItem","position":1,"name":"Accueil","item":"https:\/\/taosphoto.fr\/en\/home-2\/"},{"@type":"ListItem","position":2,"name":"Privacy policy"}]},{"@type":"WebSite","@id":"https:\/\/taosphoto.fr\/en\/#website","url":"https:\/\/taosphoto.fr\/en\/","name":"Taos Photo","description":"Expert en Piezography","publisher":{"@id":"https:\/\/taosphoto.fr\/en\/#organization"},"potentialAction":[{"@type":"SearchAction","target":{"@type":"EntryPoint","urlTemplate":"https:\/\/taosphoto.fr\/en\/?s={search_term_string}"},"query-input":"required name=search_term_string"}],"inLanguage":"en-US"},{"@type":"Organization","@id":"https:\/\/taosphoto.fr\/en\/#organization","name":"Taos Photo","url":"https:\/\/taosphoto.fr\/en\/","logo":{"@type":"ImageObject","inLanguage":"en-US","@id":"https:\/\/taosphoto.fr\/en\/#\/schema\/logo\/image\/","url":"https:\/\/taosphoto.fr\/wp-content\/uploads\/2014\/12\/logo-taosphoto.png","contentUrl":"https:\/\/taosphoto.fr\/wp-content\/uploads\/2014\/12\/logo-taosphoto.png","width":1000,"height":1000,"caption":"Taos Photo"},"image":{"@id":"https:\/\/taosphoto.fr\/en\/#\/schema\/logo\/image\/"},"sameAs":["https:\/\/www.facebook.com\/TaosPhotographic\/"]}]}},"_links":{"self":[{"href":"https:\/\/taosphoto.fr\/en\/wp-json\/wp\/v2\/pages\/22639"}],"collection":[{"href":"https:\/\/taosphoto.fr\/en\/wp-json\/wp\/v2\/pages"}],"about":[{"href":"https:\/\/taosphoto.fr\/en\/wp-json\/wp\/v2\/types\/page"}],"author":[{"embeddable":true,"href":"https:\/\/taosphoto.fr\/en\/wp-json\/wp\/v2\/users\/1"}],"replies":[{"embeddable":true,"href":"https:\/\/taosphoto.fr\/en\/wp-json\/wp\/v2\/comments?post=22639"}],"version-history":[{"count":1,"href":"https:\/\/taosphoto.fr\/en\/wp-json\/wp\/v2\/pages\/22639\/revisions"}],"predecessor-version":[{"id":22640,"href":"https:\/\/taosphoto.fr\/en\/wp-json\/wp\/v2\/pages\/22639\/revisions\/22640"}],"wp:attachment":[{"href":"https:\/\/taosphoto.fr\/en\/wp-json\/wp\/v2\/media?parent=22639"}],"curies":[{"name":"wp","href":"https:\/\/api.w.org\/{rel}","templated":true}]}}